{"id":38469,"date":"2025-10-09T10:07:50","date_gmt":"2025-10-09T10:07:50","guid":{"rendered":"https:\/\/www.espaigirones.com\/targeta-regal\/"},"modified":"2025-10-09T10:47:44","modified_gmt":"2025-10-09T10:47:44","slug":"targeta-regal","status":"publish","type":"page","link":"https:\/\/www.espaigirones.com\/es\/targeta-regal\/","title":{"rendered":"TARGETA REGAL"},"content":{"rendered":"<p>&nbsp;<\/p>\n<h3><strong>Compra o regala la Tarjeta Regalo Espai Giron\u00e8s \ud83c\udf81<\/strong><\/h3>\n<p>La <strong>Tarjeta Regalo Espai Giron\u00e8s<\/strong> es el regalo perfecto para cualquier ocasi\u00f3n. Con esta tarjeta, quien la reciba podr\u00e1 disfrutar de todas las experiencias que ofrecemos en nuestro centro comercial: \u00a1es v\u00e1lida en todas nuestras tiendas, restaurantes, cines e incluso en la gasolinera!<\/p>\n<h4><\/h4>\n<h4><\/h4>\n<h4><\/h4>\n<p>&nbsp;<\/p>\n<p>&nbsp;<\/p>\n<h4><strong>\u00bfC\u00f3mo funciona?<\/strong><\/h4>\n<ol>\n<li><strong>Compra la Tarjeta Regalo en el Punto de Informaci\u00f3n<\/strong>: Encuentra el Punto de Informaci\u00f3n en la entrada principal del Espai Giron\u00e8s y adquiere tu tarjeta.<\/li>\n<li><strong>C\u00e1rgala con el importe que desees<\/strong>: T\u00fa decides el importe, para que se adapte a cualquier presupuesto.<\/li>\n<li><strong>\u00dasala en todos los establecimientos del centro<\/strong>: Puedes usar la tarjeta para pagar en tiendas, restaurantes, cines y la gasolinera.<\/li>\n<\/ol>\n<p>Disponible durante todo el a\u00f1o, la <strong>Tarjeta Regalo Espai Giron\u00e8s<\/strong> es una opci\u00f3n c\u00f3moda y flexible para cualquier celebraci\u00f3n o para sorprender a aquellos a quienes quieres hacer un regalo pr\u00e1ctico y original.<\/p>\n<h3><\/h3>\n<h3><\/h3>\n<h3><\/h3>\n<p>&nbsp;<\/p>\n<p>&nbsp;<\/p>\n<h3><strong>Compra Online tu Tarjeta Regalo Espai Giron\u00e8s \ud83d\uded2<\/strong><\/h3>\n<p>Ahora tambi\u00e9n puedes comprar tu <strong>Tarjeta Regalo Espai Giron\u00e8s<\/strong> online de manera r\u00e1pida y c\u00f3moda. Una vez comprada, deber\u00e1s <strong>recogerla presencialmente en el Punto de Informaci\u00f3n<\/strong> de Espai Giron\u00e8s.<\/p>\n<ul>\n<li><strong>Compra online<\/strong>: <a href=\"https:\/\/espaigirones.ptapayment.com\/home\">Accede al enlace en nuestra p\u00e1gina web<\/a> y adquiere tu tarjeta desde casa.<\/li>\n<li><strong>Recogida presencial<\/strong>: Recuerda que, una vez comprada, deber\u00e1s pasar por el Punto de Informaci\u00f3n del centro comercial para recoger tu tarjeta personalizada.<\/li>\n<\/ul>\n<h3><\/h3>\n<h3><\/h3>\n<h3><\/h3>\n<p>&nbsp;<\/p>\n<p>&nbsp;<\/p>\n<h3><\/h3>\n<h3><strong>\u00bfC\u00f3mo consultar el saldo de tu Tarjeta Regalo?<\/strong><\/h3>\n<p>Consulta el saldo de tu tarjeta de manera r\u00e1pida y c\u00f3moda:<\/p>\n<ul>\n<li><strong>A trav\u00e9s del QR en el reverso de la tarjeta<\/strong>: Escanea el c\u00f3digo QR para consultar el saldo al momento.<\/li>\n<li><strong>Por tel\u00e9fono<\/strong>: Llama al <strong>900 876 844<\/strong> y consulta el saldo de tu tarjeta.<\/li>\n<li><strong>A trav\u00e9s de la p\u00e1gina web<\/strong>: Accede a la secci\u00f3n de <strong>Tarjeta Regalo<\/strong> en nuestro <a href=\"https:\/\/espaigirones.ptapayment.com\/cardBalance\">sitio web para consultar el saldo en l\u00ednea<\/a>.<\/li>\n<\/ul>\n<h3><\/h3>\n<h3><\/h3>\n<h3><\/h3>\n<h3><\/h3>\n<h3><\/h3>\n<p>&nbsp;<\/p>\n<p>&nbsp;<\/p>\n<h3><strong>Atenci\u00f3n al Cliente<\/strong><\/h3>\n<p>Si tienes cualquier duda o necesitas ayuda con tu tarjeta, nuestro servicio de atenci\u00f3n al cliente est\u00e1 a tu disposici\u00f3n:<\/p>\n<ul>\n<li><strong>Tel\u00e9fono gratuito<\/strong>: <strong>900 876 844<\/strong><\/li>\n<li><strong>Horario de atenci\u00f3n<\/strong>: De <strong>lunes a domingo<\/strong>, de <strong>9:00 h a 21:00 h<\/strong>.<\/li>\n<\/ul>\n<p>&nbsp;<\/p>\n<p>&nbsp;<\/p>\n<p><strong>\u00a1Olv\u00eddate del \u00abSi no te gusta, se puede cambiar\u00bb<\/strong> y regala la <strong>Tarjeta Regalo Espai Giron\u00e8s<\/strong>! Un regalo perfecto para cualquier momento del a\u00f1o.<\/p>\n<p>&nbsp;<\/p>\n","protected":false},"excerpt":{"rendered":"<p>&nbsp; Compra o regala la Tarjeta Regalo Espai Giron\u00e8s \ud83c\udf81 La Tarjeta Regalo Espai Giron\u00e8s es el regalo perfecto para cualquier ocasi\u00f3n. Con esta tarjeta, quien la reciba podr\u00e1 disfrutar de todas las experiencias que ofrecemos en nuestro centro comercial: \u00a1es v\u00e1lida en todas nuestras tiendas, restaurantes, cines e incluso en la gasolinera! &nbsp; &nbsp; [&hellip;]<\/p>\n","protected":false},"author":2,"featured_media":0,"parent":0,"menu_order":0,"comment_status":"closed","ping_status":"closed","template":"","meta":{"inline_featured_image":false,"footnotes":""},"class_list":["post-38469","page","type-page","status-publish","hentry"],"yoast_head":"<!-- This site is optimized with the Yoast SEO plugin v22.2 - https:\/\/yoast.com\/wordpress\/plugins\/seo\/ -->\n<title>TARGETA REGAL - Espai Giron\u00e8s<\/title>\n<meta name=\"robots\" content=\"index, follow, max-snippet:-1, max-image-preview:large, max-video-preview:-1\" \/>\n<link rel=\"canonical\" href=\"https:\/\/www.espaigirones.com\/es\/targeta-regal\/\" \/>\n<meta property=\"og:locale\" content=\"es_ES\" \/>\n<meta property=\"og:type\" content=\"article\" \/>\n<meta property=\"og:title\" content=\"TARGETA REGAL - Espai Giron\u00e8s\" \/>\n<meta property=\"og:description\" content=\"&nbsp; Compra o regala la Tarjeta Regalo Espai Giron\u00e8s \ud83c\udf81 La Tarjeta Regalo Espai Giron\u00e8s es el regalo perfecto para cualquier ocasi\u00f3n. Con esta tarjeta, quien la reciba podr\u00e1 disfrutar de todas las experiencias que ofrecemos en nuestro centro comercial: \u00a1es v\u00e1lida en todas nuestras tiendas, restaurantes, cines e incluso en la gasolinera! &nbsp; &nbsp; [&hellip;]\" \/>\n<meta property=\"og:url\" content=\"https:\/\/www.espaigirones.com\/es\/targeta-regal\/\" \/>\n<meta property=\"og:site_name\" content=\"Espai Giron\u00e8s\" \/>\n<meta property=\"article:modified_time\" content=\"2025-10-09T10:47:44+00:00\" \/>\n<meta name=\"twitter:card\" content=\"summary_large_image\" \/>\n<meta name=\"twitter:label1\" content=\"Tiempo de lectura\" \/>\n\t<meta name=\"twitter:data1\" content=\"2 minutos\" \/>\n<script type=\"application\/ld+json\" class=\"yoast-schema-graph\">{\"@context\":\"https:\/\/schema.org\",\"@graph\":[{\"@type\":\"WebPage\",\"@id\":\"https:\/\/www.espaigirones.com\/es\/targeta-regal\/\",\"url\":\"https:\/\/www.espaigirones.com\/es\/targeta-regal\/\",\"name\":\"TARGETA REGAL - Espai Giron\u00e8s\",\"isPartOf\":{\"@id\":\"https:\/\/www.espaigirones.com\/#website\"},\"datePublished\":\"2025-10-09T10:07:50+00:00\",\"dateModified\":\"2025-10-09T10:47:44+00:00\",\"inLanguage\":\"es\",\"potentialAction\":[{\"@type\":\"ReadAction\",\"target\":[\"https:\/\/www.espaigirones.com\/es\/targeta-regal\/\"]}]},{\"@type\":\"WebSite\",\"@id\":\"https:\/\/www.espaigirones.com\/#website\",\"url\":\"https:\/\/www.espaigirones.com\/\",\"name\":\"Espai Giron\u00e8s\",\"description\":\"\",\"potentialAction\":[{\"@type\":\"SearchAction\",\"target\":{\"@type\":\"EntryPoint\",\"urlTemplate\":\"https:\/\/www.espaigirones.com\/?s={search_term_string}\"},\"query-input\":\"required name=search_term_string\"}],\"inLanguage\":\"es\"}]}<\/script>\n<!-- \/ Yoast SEO plugin. -->","yoast_head_json":{"title":"TARGETA REGAL - Espai Giron\u00e8s","robots":{"index":"index","follow":"follow","max-snippet":"max-snippet:-1","max-image-preview":"max-image-preview:large","max-video-preview":"max-video-preview:-1"},"canonical":"https:\/\/www.espaigirones.com\/es\/targeta-regal\/","og_locale":"es_ES","og_type":"article","og_title":"TARGETA REGAL - Espai Giron\u00e8s","og_description":"&nbsp; Compra o regala la Tarjeta Regalo Espai Giron\u00e8s \ud83c\udf81 La Tarjeta Regalo Espai Giron\u00e8s es el regalo perfecto para cualquier ocasi\u00f3n. Con esta tarjeta, quien la reciba podr\u00e1 disfrutar de todas las experiencias que ofrecemos en nuestro centro comercial: \u00a1es v\u00e1lida en todas nuestras tiendas, restaurantes, cines e incluso en la gasolinera! &nbsp; &nbsp; [&hellip;]","og_url":"https:\/\/www.espaigirones.com\/es\/targeta-regal\/","og_site_name":"Espai Giron\u00e8s","article_modified_time":"2025-10-09T10:47:44+00:00","twitter_card":"summary_large_image","twitter_misc":{"Tiempo de lectura":"2 minutos"},"schema":{"@context":"https:\/\/schema.org","@graph":[{"@type":"WebPage","@id":"https:\/\/www.espaigirones.com\/es\/targeta-regal\/","url":"https:\/\/www.espaigirones.com\/es\/targeta-regal\/","name":"TARGETA REGAL - Espai Giron\u00e8s","isPartOf":{"@id":"https:\/\/www.espaigirones.com\/#website"},"datePublished":"2025-10-09T10:07:50+00:00","dateModified":"2025-10-09T10:47:44+00:00","inLanguage":"es","potentialAction":[{"@type":"ReadAction","target":["https:\/\/www.espaigirones.com\/es\/targeta-regal\/"]}]},{"@type":"WebSite","@id":"https:\/\/www.espaigirones.com\/#website","url":"https:\/\/www.espaigirones.com\/","name":"Espai Giron\u00e8s","description":"","potentialAction":[{"@type":"SearchAction","target":{"@type":"EntryPoint","urlTemplate":"https:\/\/www.espaigirones.com\/?s={search_term_string}"},"query-input":"required name=search_term_string"}],"inLanguage":"es"}]}},"_links":{"self":[{"href":"https:\/\/www.espaigirones.com\/es\/wp-json\/wp\/v2\/pages\/38469","targetHints":{"allow":["GET"]}}],"collection":[{"href":"https:\/\/www.espaigirones.com\/es\/wp-json\/wp\/v2\/pages"}],"about":[{"href":"https:\/\/www.espaigirones.com\/es\/wp-json\/wp\/v2\/types\/page"}],"author":[{"embeddable":true,"href":"https:\/\/www.espaigirones.com\/es\/wp-json\/wp\/v2\/users\/2"}],"replies":[{"embeddable":true,"href":"https:\/\/www.espaigirones.com\/es\/wp-json\/wp\/v2\/comments?post=38469"}],"version-history":[{"count":15,"href":"https:\/\/www.espaigirones.com\/es\/wp-json\/wp\/v2\/pages\/38469\/revisions"}],"predecessor-version":[{"id":38518,"href":"https:\/\/www.espaigirones.com\/es\/wp-json\/wp\/v2\/pages\/38469\/revisions\/38518"}],"wp:attachment":[{"href":"https:\/\/www.espaigirones.com\/es\/wp-json\/wp\/v2\/media?parent=38469"}],"curies":[{"name":"wp","href":"https:\/\/api.w.org\/{rel}","templated":true}]}}