{"id":38468,"date":"2025-10-09T10:07:50","date_gmt":"2025-10-09T10:07:50","guid":{"rendered":"https:\/\/www.espaigirones.com\/targeta-regal\/"},"modified":"2025-10-09T11:02:37","modified_gmt":"2025-10-09T11:02:37","slug":"targeta-regal","status":"publish","type":"page","link":"https:\/\/www.espaigirones.com\/fr\/targeta-regal\/","title":{"rendered":"TARGETA REGAL"},"content":{"rendered":"<p>&nbsp;<\/p>\n<h3><strong>Achetez ou offrez la Carte Cadeau Espai Giron\u00e8s \ud83c\udf81<\/strong><\/h3>\n<p>La <strong>Carte Cadeau Espai Giron\u00e8s<\/strong> est le cadeau parfait pour toute occasion. Avec cette carte, le destinataire pourra profiter de toutes les exp\u00e9riences offertes dans notre centre commercial : elle est valable dans toutes nos boutiques, restaurants, cin\u00e9mas et m\u00eame \u00e0 la station-service !<\/p>\n<h4><\/h4>\n<h4><\/h4>\n<p>&nbsp;<\/p>\n<p>&nbsp;<\/p>\n<h4><strong>Comment \u00e7a marche ?<\/strong><\/h4>\n<ol>\n<li><strong>Achetez la Carte Cadeau au Point d&rsquo;Information<\/strong> : Trouvez le Point d&rsquo;Information \u00e0 l&rsquo;entr\u00e9e principale d&rsquo;Espai Giron\u00e8s et procurez-vous votre carte.<\/li>\n<li><strong>Chargez-la avec le montant que vous souhaitez<\/strong> : Vous choisissez le montant, afin qu&rsquo;il s&rsquo;adapte \u00e0 tous les budgets.<\/li>\n<li><strong>Utilisez-la dans tous nos \u00e9tablissements<\/strong> : Vous pouvez utiliser la carte pour payer dans nos magasins, restaurants, cin\u00e9mas et \u00e0 la station-service.<\/li>\n<\/ol>\n<p>Disponible toute l&rsquo;ann\u00e9e, la <strong>Carte Cadeau Espai Giron\u00e8s<\/strong> est une option pratique et flexible pour toute c\u00e9l\u00e9bration ou pour surprendre ceux \u00e0 qui vous voulez offrir un cadeau original et pratique.<\/p>\n<h3><\/h3>\n<h3><\/h3>\n<p>&nbsp;<\/p>\n<p>&nbsp;<\/p>\n<h3><strong>Achetez votre Carte Cadeau Espai Giron\u00e8s en ligne \ud83d\uded2<\/strong><\/h3>\n<p>D\u00e9sormais, vous pouvez \u00e9galement acheter votre <strong>Carte Cadeau Espai Giron\u00e8s<\/strong> en ligne de mani\u00e8re rapide et facile. Une fois achet\u00e9e, vous devrez <strong>la r\u00e9cup\u00e9rer en personne au Point d&rsquo;Information<\/strong> d&rsquo;Espai Giron\u00e8s.<\/p>\n<ul>\n<li><strong>Acheter en ligne<\/strong> : <a href=\"https:\/\/espaigirones.ptapayment.com\/home\">Acc\u00e9dez au lien sur notre site web<\/a> et achetez votre carte depuis chez vous.<\/li>\n<li><strong>Retrait en personne<\/strong> : N&rsquo;oubliez pas qu&rsquo;une fois achet\u00e9e, vous devrez passer au Point d&rsquo;Information du centre commercial pour r\u00e9cup\u00e9rer votre carte personnalis\u00e9e.<\/li>\n<\/ul>\n<h3><\/h3>\n<h3><\/h3>\n<p>&nbsp;<\/p>\n<p>&nbsp;<\/p>\n<h3><strong>Comment consulter le solde de votre Carte Cadeau ?<\/strong><\/h3>\n<p>Consultez le solde de votre carte rapidement et facilement :<\/p>\n<ul>\n<li><strong>Via le QR code au dos de la carte<\/strong> : Scannez le QR code pour consulter le solde instantan\u00e9ment.<\/li>\n<li><strong>Par t\u00e9l\u00e9phone<\/strong> : Appelez le <strong>900 876 844<\/strong> et consultez le solde de votre carte.<\/li>\n<li><strong>Sur le site web<\/strong> : Acc\u00e9dez \u00e0 la section <strong>Carte Cadeau<\/strong> sur notre <a href=\"https:\/\/espaigirones.ptapayment.com\/cardBalance\">site web pour consulter le solde en ligne<\/a>.<\/li>\n<\/ul>\n<h3><\/h3>\n<p>&nbsp;<\/p>\n<p>&nbsp;<\/p>\n<h3><strong>Service Client<\/strong><\/h3>\n<p>Si vous avez des questions ou si vous avez besoin d&rsquo;aide avec votre carte, notre service client est \u00e0 votre disposition :<\/p>\n<ul>\n<li><strong>Num\u00e9ro gratuit<\/strong> : <strong>900 876 844<\/strong><\/li>\n<li><strong>Horaires d&rsquo;ouverture<\/strong> : <strong>Du lundi au dimanche<\/strong>, de <strong>9h00 \u00e0 21h00<\/strong>.<\/li>\n<\/ul>\n<p>&nbsp;<\/p>\n<p>&nbsp;<\/p>\n<p><strong>Oubliez le \u00ab\u00a0Si cela ne vous pla\u00eet pas, vous pouvez l&rsquo;\u00e9changer\u00a0\u00bb<\/strong> et offrez la <strong>Carte Cadeau Espai Giron\u00e8s<\/strong> ! Le cadeau parfait pour n&rsquo;importe quel moment de l&rsquo;ann\u00e9e.<\/p>\n<p>&nbsp;<\/p>\n","protected":false},"excerpt":{"rendered":"<p>&nbsp; Achetez ou offrez la Carte Cadeau Espai Giron\u00e8s \ud83c\udf81 La Carte Cadeau Espai Giron\u00e8s est le cadeau parfait pour toute occasion. Avec cette carte, le destinataire pourra profiter de toutes les exp\u00e9riences offertes dans notre centre commercial : elle est valable dans toutes nos boutiques, restaurants, cin\u00e9mas et m\u00eame \u00e0 la station-service ! &nbsp; [&hellip;]<\/p>\n","protected":false},"author":2,"featured_media":0,"parent":0,"menu_order":0,"comment_status":"closed","ping_status":"closed","template":"","meta":{"inline_featured_image":false,"footnotes":""},"class_list":["post-38468","page","type-page","status-publish","hentry"],"yoast_head":"<!-- This site is optimized with the Yoast SEO plugin v22.2 - https:\/\/yoast.com\/wordpress\/plugins\/seo\/ -->\n<title>TARGETA REGAL - Espai Giron\u00e8s<\/title>\n<meta name=\"robots\" content=\"index, follow, max-snippet:-1, max-image-preview:large, max-video-preview:-1\" \/>\n<link rel=\"canonical\" href=\"https:\/\/www.espaigirones.com\/fr\/targeta-regal\/\" \/>\n<meta property=\"og:locale\" content=\"fr_FR\" \/>\n<meta property=\"og:type\" content=\"article\" \/>\n<meta property=\"og:title\" content=\"TARGETA REGAL - Espai Giron\u00e8s\" \/>\n<meta property=\"og:description\" content=\"&nbsp; Achetez ou offrez la Carte Cadeau Espai Giron\u00e8s \ud83c\udf81 La Carte Cadeau Espai Giron\u00e8s est le cadeau parfait pour toute occasion. Avec cette carte, le destinataire pourra profiter de toutes les exp\u00e9riences offertes dans notre centre commercial : elle est valable dans toutes nos boutiques, restaurants, cin\u00e9mas et m\u00eame \u00e0 la station-service ! &nbsp; [&hellip;]\" \/>\n<meta property=\"og:url\" content=\"https:\/\/www.espaigirones.com\/fr\/targeta-regal\/\" \/>\n<meta property=\"og:site_name\" content=\"Espai Giron\u00e8s\" \/>\n<meta property=\"article:modified_time\" content=\"2025-10-09T11:02:37+00:00\" \/>\n<meta name=\"twitter:card\" content=\"summary_large_image\" \/>\n<meta name=\"twitter:label1\" content=\"Dur\u00e9e de lecture estim\u00e9e\" \/>\n\t<meta name=\"twitter:data1\" content=\"2 minutes\" \/>\n<script type=\"application\/ld+json\" class=\"yoast-schema-graph\">{\"@context\":\"https:\/\/schema.org\",\"@graph\":[{\"@type\":\"WebPage\",\"@id\":\"https:\/\/www.espaigirones.com\/fr\/targeta-regal\/\",\"url\":\"https:\/\/www.espaigirones.com\/fr\/targeta-regal\/\",\"name\":\"TARGETA REGAL - Espai Giron\u00e8s\",\"isPartOf\":{\"@id\":\"https:\/\/www.espaigirones.com\/#website\"},\"datePublished\":\"2025-10-09T10:07:50+00:00\",\"dateModified\":\"2025-10-09T11:02:37+00:00\",\"inLanguage\":\"fr-FR\",\"potentialAction\":[{\"@type\":\"ReadAction\",\"target\":[\"https:\/\/www.espaigirones.com\/fr\/targeta-regal\/\"]}]},{\"@type\":\"WebSite\",\"@id\":\"https:\/\/www.espaigirones.com\/#website\",\"url\":\"https:\/\/www.espaigirones.com\/\",\"name\":\"Espai Giron\u00e8s\",\"description\":\"\",\"potentialAction\":[{\"@type\":\"SearchAction\",\"target\":{\"@type\":\"EntryPoint\",\"urlTemplate\":\"https:\/\/www.espaigirones.com\/?s={search_term_string}\"},\"query-input\":\"required name=search_term_string\"}],\"inLanguage\":\"fr-FR\"}]}<\/script>\n<!-- \/ Yoast SEO plugin. -->","yoast_head_json":{"title":"TARGETA REGAL - Espai Giron\u00e8s","robots":{"index":"index","follow":"follow","max-snippet":"max-snippet:-1","max-image-preview":"max-image-preview:large","max-video-preview":"max-video-preview:-1"},"canonical":"https:\/\/www.espaigirones.com\/fr\/targeta-regal\/","og_locale":"fr_FR","og_type":"article","og_title":"TARGETA REGAL - Espai Giron\u00e8s","og_description":"&nbsp; Achetez ou offrez la Carte Cadeau Espai Giron\u00e8s \ud83c\udf81 La Carte Cadeau Espai Giron\u00e8s est le cadeau parfait pour toute occasion. Avec cette carte, le destinataire pourra profiter de toutes les exp\u00e9riences offertes dans notre centre commercial : elle est valable dans toutes nos boutiques, restaurants, cin\u00e9mas et m\u00eame \u00e0 la station-service ! &nbsp; [&hellip;]","og_url":"https:\/\/www.espaigirones.com\/fr\/targeta-regal\/","og_site_name":"Espai Giron\u00e8s","article_modified_time":"2025-10-09T11:02:37+00:00","twitter_card":"summary_large_image","twitter_misc":{"Dur\u00e9e de lecture estim\u00e9e":"2 minutes"},"schema":{"@context":"https:\/\/schema.org","@graph":[{"@type":"WebPage","@id":"https:\/\/www.espaigirones.com\/fr\/targeta-regal\/","url":"https:\/\/www.espaigirones.com\/fr\/targeta-regal\/","name":"TARGETA REGAL - Espai Giron\u00e8s","isPartOf":{"@id":"https:\/\/www.espaigirones.com\/#website"},"datePublished":"2025-10-09T10:07:50+00:00","dateModified":"2025-10-09T11:02:37+00:00","inLanguage":"fr-FR","potentialAction":[{"@type":"ReadAction","target":["https:\/\/www.espaigirones.com\/fr\/targeta-regal\/"]}]},{"@type":"WebSite","@id":"https:\/\/www.espaigirones.com\/#website","url":"https:\/\/www.espaigirones.com\/","name":"Espai Giron\u00e8s","description":"","potentialAction":[{"@type":"SearchAction","target":{"@type":"EntryPoint","urlTemplate":"https:\/\/www.espaigirones.com\/?s={search_term_string}"},"query-input":"required name=search_term_string"}],"inLanguage":"fr-FR"}]}},"_links":{"self":[{"href":"https:\/\/www.espaigirones.com\/fr\/wp-json\/wp\/v2\/pages\/38468","targetHints":{"allow":["GET"]}}],"collection":[{"href":"https:\/\/www.espaigirones.com\/fr\/wp-json\/wp\/v2\/pages"}],"about":[{"href":"https:\/\/www.espaigirones.com\/fr\/wp-json\/wp\/v2\/types\/page"}],"author":[{"embeddable":true,"href":"https:\/\/www.espaigirones.com\/fr\/wp-json\/wp\/v2\/users\/2"}],"replies":[{"embeddable":true,"href":"https:\/\/www.espaigirones.com\/fr\/wp-json\/wp\/v2\/comments?post=38468"}],"version-history":[{"count":18,"href":"https:\/\/www.espaigirones.com\/fr\/wp-json\/wp\/v2\/pages\/38468\/revisions"}],"predecessor-version":[{"id":38531,"href":"https:\/\/www.espaigirones.com\/fr\/wp-json\/wp\/v2\/pages\/38468\/revisions\/38531"}],"wp:attachment":[{"href":"https:\/\/www.espaigirones.com\/fr\/wp-json\/wp\/v2\/media?parent=38468"}],"curies":[{"name":"wp","href":"https:\/\/api.w.org\/{rel}","templated":true}]}}