{"id":4563,"date":"2025-10-20T10:00:52","date_gmt":"2025-10-20T10:00:52","guid":{"rendered":"https:\/\/www.espaigirones.com\/cinema-2\/"},"modified":"2026-04-07T14:10:36","modified_gmt":"2026-04-07T14:10:36","slug":"cinema-2","status":"publish","type":"page","link":"https:\/\/www.espaigirones.com\/fr\/cinema-2\/","title":{"rendered":"CINEMA"},"content":{"rendered":"<div><\/div>\n<div class=\"services-separator\" style=\"text-align: center;\"><img loading=\"lazy\" decoding=\"async\" class=\"size-medium wp-image-26095 alignleft\" src=\"https:\/\/www.espaigirones.com\/wp-content\/uploads\/sites\/11\/2022\/05\/LOGO-ODEON-MULTICINES-300x169.jpg\" alt=\"\" width=\"300\" height=\"169\" srcset=\"https:\/\/www.espaigirones.com\/wp-content\/uploads\/sites\/11\/2022\/05\/LOGO-ODEON-MULTICINES-300x169.jpg 300w, https:\/\/www.espaigirones.com\/wp-content\/uploads\/sites\/11\/2022\/05\/LOGO-ODEON-MULTICINES-1024x576.jpg 1024w, https:\/\/www.espaigirones.com\/wp-content\/uploads\/sites\/11\/2022\/05\/LOGO-ODEON-MULTICINES-768x432.jpg 768w, https:\/\/www.espaigirones.com\/wp-content\/uploads\/sites\/11\/2022\/05\/LOGO-ODEON-MULTICINES-1536x864.jpg 1536w, https:\/\/www.espaigirones.com\/wp-content\/uploads\/sites\/11\/2022\/05\/LOGO-ODEON-MULTICINES.jpg 1920w\" sizes=\"auto, (max-width: 300px) 100vw, 300px\" \/><\/div>\n<div><\/div>\n<div><\/div>\n<div><\/div>\n<div><\/div>\n<div class=\"services-separator\" style=\"text-align: center;\">Pour \u00eatre au courant des films dans les salles, les derni\u00e8res versions et les versions s&rsquo;il vous pla\u00eet visiter les cin\u00e9mas Odeon.<\/div>\n<p style=\"text-align: center;\"><a class=\"btncinema btn\" href=\"http:\/\/odeonmulticines.com\/girona\/\" target=\"_blank\" rel=\"noopener\">VISITEZ LA PAGE CIN\u00c9MAS<\/a><\/p>\n","protected":false},"excerpt":{"rendered":"<p>Pour \u00eatre au courant des films dans les salles, les derni\u00e8res versions et les versions s&rsquo;il vous pla\u00eet visiter les cin\u00e9mas Odeon. VISITEZ LA PAGE CIN\u00c9MAS<\/p>\n","protected":false},"author":1,"featured_media":0,"parent":0,"menu_order":0,"comment_status":"closed","ping_status":"closed","template":"templates\/tourism.php","meta":{"inline_featured_image":false,"footnotes":""},"class_list":["post-4563","page","type-page","status-publish","hentry"],"yoast_head":"<!-- This site is optimized with the Yoast SEO plugin v22.2 - https:\/\/yoast.com\/wordpress\/plugins\/seo\/ -->\n<title>CINEMA - Espai Giron\u00e8s<\/title>\n<meta name=\"robots\" content=\"index, follow, max-snippet:-1, max-image-preview:large, max-video-preview:-1\" \/>\n<link rel=\"canonical\" href=\"https:\/\/www.espaigirones.com\/fr\/cinema-2\/\" \/>\n<meta property=\"og:locale\" content=\"fr_FR\" \/>\n<meta property=\"og:type\" content=\"article\" \/>\n<meta property=\"og:title\" content=\"CINEMA - Espai Giron\u00e8s\" \/>\n<meta property=\"og:description\" content=\"Pour \u00eatre au courant des films dans les salles, les derni\u00e8res versions et les versions s&rsquo;il vous pla\u00eet visiter les cin\u00e9mas Odeon. VISITEZ LA PAGE CIN\u00c9MAS\" \/>\n<meta property=\"og:url\" content=\"https:\/\/www.espaigirones.com\/fr\/cinema-2\/\" \/>\n<meta property=\"og:site_name\" content=\"Espai Giron\u00e8s\" \/>\n<meta property=\"article:modified_time\" content=\"2026-04-07T14:10:36+00:00\" \/>\n<meta property=\"og:image\" content=\"https:\/\/www.espaigirones.com\/wp-content\/uploads\/sites\/11\/2022\/05\/LOGO-ODEON-MULTICINES-300x169.jpg\" \/>\n<meta name=\"twitter:card\" content=\"summary_large_image\" \/>\n<meta name=\"twitter:label1\" content=\"Dur\u00e9e de lecture estim\u00e9e\" \/>\n\t<meta name=\"twitter:data1\" content=\"1 minute\" \/>\n<script type=\"application\/ld+json\" class=\"yoast-schema-graph\">{\"@context\":\"https:\/\/schema.org\",\"@graph\":[{\"@type\":\"WebPage\",\"@id\":\"https:\/\/www.espaigirones.com\/fr\/cinema-2\/\",\"url\":\"https:\/\/www.espaigirones.com\/fr\/cinema-2\/\",\"name\":\"CINEMA - Espai Giron\u00e8s\",\"isPartOf\":{\"@id\":\"https:\/\/www.espaigirones.com\/#website\"},\"primaryImageOfPage\":{\"@id\":\"https:\/\/www.espaigirones.com\/fr\/cinema-2\/#primaryimage\"},\"image\":{\"@id\":\"https:\/\/www.espaigirones.com\/fr\/cinema-2\/#primaryimage\"},\"thumbnailUrl\":\"https:\/\/www.espaigirones.com\/wp-content\/uploads\/sites\/11\/2022\/05\/LOGO-ODEON-MULTICINES-300x169.jpg\",\"datePublished\":\"2025-10-20T10:00:52+00:00\",\"dateModified\":\"2026-04-07T14:10:36+00:00\",\"inLanguage\":\"fr-FR\",\"potentialAction\":[{\"@type\":\"ReadAction\",\"target\":[\"https:\/\/www.espaigirones.com\/fr\/cinema-2\/\"]}]},{\"@type\":\"ImageObject\",\"inLanguage\":\"fr-FR\",\"@id\":\"https:\/\/www.espaigirones.com\/fr\/cinema-2\/#primaryimage\",\"url\":\"https:\/\/www.espaigirones.com\/wp-content\/uploads\/sites\/11\/2022\/05\/LOGO-ODEON-MULTICINES.jpg\",\"contentUrl\":\"https:\/\/www.espaigirones.com\/wp-content\/uploads\/sites\/11\/2022\/05\/LOGO-ODEON-MULTICINES.jpg\",\"width\":1920,\"height\":1080},{\"@type\":\"WebSite\",\"@id\":\"https:\/\/www.espaigirones.com\/#website\",\"url\":\"https:\/\/www.espaigirones.com\/\",\"name\":\"Espai Giron\u00e8s\",\"description\":\"\",\"potentialAction\":[{\"@type\":\"SearchAction\",\"target\":{\"@type\":\"EntryPoint\",\"urlTemplate\":\"https:\/\/www.espaigirones.com\/?s={search_term_string}\"},\"query-input\":\"required name=search_term_string\"}],\"inLanguage\":\"fr-FR\"}]}<\/script>\n<!-- \/ Yoast SEO plugin. -->","yoast_head_json":{"title":"CINEMA - Espai Giron\u00e8s","robots":{"index":"index","follow":"follow","max-snippet":"max-snippet:-1","max-image-preview":"max-image-preview:large","max-video-preview":"max-video-preview:-1"},"canonical":"https:\/\/www.espaigirones.com\/fr\/cinema-2\/","og_locale":"fr_FR","og_type":"article","og_title":"CINEMA - Espai Giron\u00e8s","og_description":"Pour \u00eatre au courant des films dans les salles, les derni\u00e8res versions et les versions s&rsquo;il vous pla\u00eet visiter les cin\u00e9mas Odeon. VISITEZ LA PAGE CIN\u00c9MAS","og_url":"https:\/\/www.espaigirones.com\/fr\/cinema-2\/","og_site_name":"Espai Giron\u00e8s","article_modified_time":"2026-04-07T14:10:36+00:00","og_image":[{"url":"https:\/\/www.espaigirones.com\/wp-content\/uploads\/sites\/11\/2022\/05\/LOGO-ODEON-MULTICINES-300x169.jpg"}],"twitter_card":"summary_large_image","twitter_misc":{"Dur\u00e9e de lecture estim\u00e9e":"1 minute"},"schema":{"@context":"https:\/\/schema.org","@graph":[{"@type":"WebPage","@id":"https:\/\/www.espaigirones.com\/fr\/cinema-2\/","url":"https:\/\/www.espaigirones.com\/fr\/cinema-2\/","name":"CINEMA - Espai Giron\u00e8s","isPartOf":{"@id":"https:\/\/www.espaigirones.com\/#website"},"primaryImageOfPage":{"@id":"https:\/\/www.espaigirones.com\/fr\/cinema-2\/#primaryimage"},"image":{"@id":"https:\/\/www.espaigirones.com\/fr\/cinema-2\/#primaryimage"},"thumbnailUrl":"https:\/\/www.espaigirones.com\/wp-content\/uploads\/sites\/11\/2022\/05\/LOGO-ODEON-MULTICINES-300x169.jpg","datePublished":"2025-10-20T10:00:52+00:00","dateModified":"2026-04-07T14:10:36+00:00","inLanguage":"fr-FR","potentialAction":[{"@type":"ReadAction","target":["https:\/\/www.espaigirones.com\/fr\/cinema-2\/"]}]},{"@type":"ImageObject","inLanguage":"fr-FR","@id":"https:\/\/www.espaigirones.com\/fr\/cinema-2\/#primaryimage","url":"https:\/\/www.espaigirones.com\/wp-content\/uploads\/sites\/11\/2022\/05\/LOGO-ODEON-MULTICINES.jpg","contentUrl":"https:\/\/www.espaigirones.com\/wp-content\/uploads\/sites\/11\/2022\/05\/LOGO-ODEON-MULTICINES.jpg","width":1920,"height":1080},{"@type":"WebSite","@id":"https:\/\/www.espaigirones.com\/#website","url":"https:\/\/www.espaigirones.com\/","name":"Espai Giron\u00e8s","description":"","potentialAction":[{"@type":"SearchAction","target":{"@type":"EntryPoint","urlTemplate":"https:\/\/www.espaigirones.com\/?s={search_term_string}"},"query-input":"required name=search_term_string"}],"inLanguage":"fr-FR"}]}},"_links":{"self":[{"href":"https:\/\/www.espaigirones.com\/fr\/wp-json\/wp\/v2\/pages\/4563","targetHints":{"allow":["GET"]}}],"collection":[{"href":"https:\/\/www.espaigirones.com\/fr\/wp-json\/wp\/v2\/pages"}],"about":[{"href":"https:\/\/www.espaigirones.com\/fr\/wp-json\/wp\/v2\/types\/page"}],"author":[{"embeddable":true,"href":"https:\/\/www.espaigirones.com\/fr\/wp-json\/wp\/v2\/users\/1"}],"replies":[{"embeddable":true,"href":"https:\/\/www.espaigirones.com\/fr\/wp-json\/wp\/v2\/comments?post=4563"}],"version-history":[{"count":60,"href":"https:\/\/www.espaigirones.com\/fr\/wp-json\/wp\/v2\/pages\/4563\/revisions"}],"predecessor-version":[{"id":40383,"href":"https:\/\/www.espaigirones.com\/fr\/wp-json\/wp\/v2\/pages\/4563\/revisions\/40383"}],"wp:attachment":[{"href":"https:\/\/www.espaigirones.com\/fr\/wp-json\/wp\/v2\/media?parent=4563"}],"curies":[{"name":"wp","href":"https:\/\/api.w.org\/{rel}","templated":true}]}}